{"id":1637,"date":"2022-03-30T10:15:21","date_gmt":"2022-03-30T08:15:21","guid":{"rendered":"https:\/\/juliane-schack-peintre.com\/?page_id=1637"},"modified":"2022-05-17T14:38:58","modified_gmt":"2022-05-17T12:38:58","slug":"kontakt","status":"publish","type":"page","link":"https:\/\/juliane-schack-peintre.com\/de\/kontakt\/","title":{"rendered":"Kontakt"},"content":{"rendered":"<p>[et_pb_section fb_built=\"1\" admin_label=\"Section\" _builder_version=\"4.17.1\" _module_preset=\"default\" background_color=\"rgba(133,129,104,0.35)\" global_colors_info=\"{}\"][et_pb_row column_structure=\"1_2,1_2\" make_equal=\"on\" _builder_version=\"4.16\" _module_preset=\"default\" global_colors_info=\"{}\"][et_pb_column type=\"1_2\" _builder_version=\"4.16\" _module_preset=\"default\" global_colors_info=\"{}\"][et_pb_text admin_label=\"Contactez Juliane Schack\" _builder_version=\"4.17.1\" _module_preset=\"default\" header_font=\"||||||||\" header_2_font=\"||||||||\" locked=\"off\" global_colors_info=\"{}\"]<\/p>\n<h1>Juliane Schack Kontaktieren<\/h1>\n<p>[\/et_pb_text][et_pb_text _builder_version=\"4.17.1\" _module_preset=\"default\" text_orientation=\"justified\" global_colors_info=\"{}\"]<\/p>\n<h2>Lebensl\u00e4nglich Malerin<\/h2>\n<p>[\/et_pb_text][\/et_pb_column][et_pb_column type=\"1_2\" _builder_version=\"4.16\" _module_preset=\"default\" global_colors_info=\"{}\"][et_pb_image src=\"https:\/\/juliane-schack-peintre.com\/wp-content\/uploads\/Juliane-dans-son-atelier-le-17-octobre-2019.jpg\" alt=\"Juliane in ihrem Atelier am 17.10.2019\" _builder_version=\"4.17.3\" _module_preset=\"default\" animation_style=\"flip\" hover_enabled=\"0\" box_shadow_style=\"preset3\" global_colors_info=\"{}\" sticky_enabled=\"0\"][\/et_pb_image][\/et_pb_column][\/et_pb_row][\/et_pb_section][et_pb_section fb_built=\"1\" _builder_version=\"4.16\" _module_preset=\"default\" background_image=\"https:\/\/juliane-schack-peintre.com\/wp-content\/uploads\/Nuances-douces-40x40-2004-bg.jpg\" custom_padding=\"250px||250px||false|false\" global_colors_info=\"{}\"][et_pb_row column_structure=\"3_5,2_5\" use_custom_gutter=\"on\" make_equal=\"on\" _builder_version=\"4.16\" _module_preset=\"default\" background_enable_color=\"off\" max_width=\"1680px\" global_colors_info=\"{}\"][et_pb_column type=\"3_5\" _builder_version=\"4.16\" _module_preset=\"default\" background_color=\"rgba(0,0,0,0.5)\" custom_padding=\"10px|10px|10px|10px|true|true\" global_colors_info=\"{}\"][et_pb_text _builder_version=\"4.17.1\" _module_preset=\"default\" header_3_text_align=\"center\" header_3_text_color=\"#FFFFFF\" header_3_font_size=\"26px\" custom_padding=\"20px||||false|false\" global_colors_info=\"{}\"]<\/p>\n<h3>Mich Kontaktieren<\/h3>\n<p>[\/et_pb_text][et_pb_contact_form use_spam_service=\"on\" recaptcha_list=\"juliane|juliane-0\" email=\"contact@juliane-schack-peintre.com\" custom_message=\"Nom : %%Name%%||et_pb_line_break_holder||Pr\u00e9nom : %%Prenom%%||et_pb_line_break_holder||Email : %%Email%%||et_pb_line_break_holder||T\u00e9l\u00e9phone : %%Tel%%||et_pb_line_break_holder||||et_pb_line_break_holder||Message :||et_pb_line_break_holder||%%Message%%\" success_message=\"Vielen Dank f\u00fcr Ihre Nachricht. Ich komme bald auf Sie zur\u00fcck.\" submit_button_text=\"Senden\" _builder_version=\"4.17.1\" _module_preset=\"default\" _unique_id=\"17741efe-35a7-4f3c-b41f-a5080e6c5a8f\" form_field_background_color=\"rgba(133,129,104,0.75)\" form_field_text_color=\"#FFFFFF\" form_field_focus_background_color=\"rgba(204,135,0,0.9)\" form_field_focus_text_color=\"#000000\" title_font=\"||||||||\" form_field_font_size=\"15px\" custom_button=\"on\" button_text_color=\"#FFFFFF\" button_border_width=\"1px\" button_border_color=\"#C37301\" button_border_radius=\"0px\" button_font=\"|600||||on|||\" button_icon=\"&#x24;||divi||400\" button_icon_color=\"#FFFFFF\" button_text_shadow_style=\"preset2\" button_text_shadow_horizontal_length=\"0.03em\" button_text_shadow_vertical_length=\"0.03em\" button_text_shadow_blur_strength=\"0.03em\" global_colors_info=\"{}\" button_bg_color__hover_enabled=\"on|hover\" button_bg_color__hover=\"#C37301\" button_bg_enable_color__hover=\"on\" button_text_size__hover_enabled=\"off|desktop\" button_text_color__hover_enabled=\"off|desktop\" button_text_color__hover=\"#FFFFFF\" button_text_shadow_horizontal_length__hover_enabled=\"on|hover\" button_text_shadow_horizontal_length__hover=\"0em\" button_text_shadow_vertical_length__hover_enabled=\"on|hover\" button_text_shadow_vertical_length__hover=\"0em\" button_text_shadow_blur_strength__hover_enabled=\"on|hover\" button_text_shadow_blur_strength__hover=\"0em\" button_text_shadow_color__hover_enabled=\"on|desktop\"][et_pb_contact_field field_id=\"Name\" field_title=\"Name *\" _builder_version=\"4.17.1\" global_colors_info=\"{}\" button_text_size__hover_enabled=\"off\" button_one_text_size__hover_enabled=\"off\" button_two_text_size__hover_enabled=\"off\" button_text_color__hover_enabled=\"off\" button_one_text_color__hover_enabled=\"off\" button_two_text_color__hover_enabled=\"off\" button_border_width__hover_enabled=\"off\" button_one_border_width__hover_enabled=\"off\" button_two_border_width__hover_enabled=\"off\" button_border_color__hover_enabled=\"off\" button_one_border_color__hover_enabled=\"off\" button_two_border_color__hover_enabled=\"off\" button_border_radius__hover_enabled=\"off\" button_one_border_radius__hover_enabled=\"off\" button_two_border_radius__hover_enabled=\"off\" button_letter_spacing__hover_enabled=\"off\" button_one_letter_spacing__hover_enabled=\"off\" button_two_letter_spacing__hover_enabled=\"off\" button_bg_color__hover_enabled=\"off\" button_one_bg_color__hover_enabled=\"off\" button_two_bg_color__hover_enabled=\"off\"][\/et_pb_contact_field][et_pb_contact_field field_id=\"Prenom\" field_title=\"Vorname *\" _builder_version=\"4.17.1\" global_colors_info=\"{}\" button_text_size__hover_enabled=\"off\" button_one_text_size__hover_enabled=\"off\" button_two_text_size__hover_enabled=\"off\" button_text_color__hover_enabled=\"off\" button_one_text_color__hover_enabled=\"off\" button_two_text_color__hover_enabled=\"off\" button_border_width__hover_enabled=\"off\" button_one_border_width__hover_enabled=\"off\" button_two_border_width__hover_enabled=\"off\" button_border_color__hover_enabled=\"off\" button_one_border_color__hover_enabled=\"off\" button_two_border_color__hover_enabled=\"off\" button_border_radius__hover_enabled=\"off\" button_one_border_radius__hover_enabled=\"off\" button_two_border_radius__hover_enabled=\"off\" button_letter_spacing__hover_enabled=\"off\" button_one_letter_spacing__hover_enabled=\"off\" button_two_letter_spacing__hover_enabled=\"off\" button_bg_color__hover_enabled=\"off\" button_one_bg_color__hover_enabled=\"off\" button_two_bg_color__hover_enabled=\"off\"][\/et_pb_contact_field][et_pb_contact_field field_id=\"Email\" field_title=\"E-mail *\" field_type=\"email\" _builder_version=\"4.17.1\" global_colors_info=\"{}\" button_text_size__hover_enabled=\"off\" button_one_text_size__hover_enabled=\"off\" button_two_text_size__hover_enabled=\"off\" button_text_color__hover_enabled=\"off\" button_one_text_color__hover_enabled=\"off\" button_two_text_color__hover_enabled=\"off\" button_border_width__hover_enabled=\"off\" button_one_border_width__hover_enabled=\"off\" button_two_border_width__hover_enabled=\"off\" button_border_color__hover_enabled=\"off\" button_one_border_color__hover_enabled=\"off\" button_two_border_color__hover_enabled=\"off\" button_border_radius__hover_enabled=\"off\" button_one_border_radius__hover_enabled=\"off\" button_two_border_radius__hover_enabled=\"off\" button_letter_spacing__hover_enabled=\"off\" button_one_letter_spacing__hover_enabled=\"off\" button_two_letter_spacing__hover_enabled=\"off\" button_bg_color__hover_enabled=\"off\" button_one_bg_color__hover_enabled=\"off\" button_two_bg_color__hover_enabled=\"off\"][\/et_pb_contact_field][et_pb_contact_field field_id=\"Tel\" field_title=\"Telefonnummer *\" allowed_symbols=\"numbers\" _builder_version=\"4.17.1\" _module_preset=\"default\" global_colors_info=\"{}\"][\/et_pb_contact_field][et_pb_contact_field field_id=\"Message\" field_title=\"Freies Zeichenfeld *\" field_type=\"text\" fullwidth_field=\"on\" _builder_version=\"4.17.1\" global_colors_info=\"{}\" button_text_size__hover_enabled=\"off\" button_one_text_size__hover_enabled=\"off\" button_two_text_size__hover_enabled=\"off\" button_text_color__hover_enabled=\"off\" button_one_text_color__hover_enabled=\"off\" button_two_text_color__hover_enabled=\"off\" button_border_width__hover_enabled=\"off\" button_one_border_width__hover_enabled=\"off\" button_two_border_width__hover_enabled=\"off\" button_border_color__hover_enabled=\"off\" button_one_border_color__hover_enabled=\"off\" button_two_border_color__hover_enabled=\"off\" button_border_radius__hover_enabled=\"off\" button_one_border_radius__hover_enabled=\"off\" button_two_border_radius__hover_enabled=\"off\" button_letter_spacing__hover_enabled=\"off\" button_one_letter_spacing__hover_enabled=\"off\" button_two_letter_spacing__hover_enabled=\"off\" button_bg_color__hover_enabled=\"off\" button_one_bg_color__hover_enabled=\"off\" button_two_bg_color__hover_enabled=\"off\"][\/et_pb_contact_field][et_pb_contact_field field_id=\"RGPD\" field_title=\"RGPD\" field_type=\"checkbox\" checkbox_options=\"%91{%22value%22:%22Ich habe die gelesen und akzeptiere die %22,%22checked%22:0,%22dragID%22:-1,%22link_url%22:%22\/de\/datenschutzbestimmungen\/%22,%22link_text%22:%22Datenschutzbestimmungen.%22}%93\" fullwidth_field=\"on\" _builder_version=\"4.17.1\" _module_preset=\"default\" global_colors_info=\"{}\"][\/et_pb_contact_field][\/et_pb_contact_form][\/et_pb_column][et_pb_column type=\"2_5\" _builder_version=\"4.16\" _module_preset=\"default\" background_color=\"rgba(0,0,0,0.5)\" custom_padding=\"30px|30px|30px|30px|true|true\" global_colors_info=\"{}\"][et_pb_text _builder_version=\"4.17.1\" _module_preset=\"default\" text_text_color=\"#FFFFFF\" text_font_size=\"16px\" header_3_text_color=\"#FFFFFF\" header_3_font_size=\"26px\" header_4_text_color=\"#FFFFFF\" background_enable_color=\"off\" global_colors_info=\"{}\"]<\/p>\n<h3>Juliane Schack<\/h3>\n<p>Atelierbesuche nach Vereinbarung.<\/p>\n<p>&nbsp;<\/p>\n<p><i class=\"fa fa-map-marker\"><\/i> 12 Chemin du Pin de Truc, <br \/>83350 Ramatuelle - Frankreich<\/p>\n<p><i class=\"fa fa-phone\"><\/i> : <a href=\"tel:+33494792031\">04 94 79 20 31<\/a><br \/><i class=\"fa fa-envelope\"><\/i> : contact@juliane-schack-peintre.com<\/p>\n<p>[\/et_pb_text][et_pb_image src=\"https:\/\/juliane-schack-peintre.com\/wp-content\/uploads\/juliane-schack-expo.jpg\" title_text=\"juliane-schack-expo\" _builder_version=\"4.16.0\" _module_preset=\"default\" animation_style=\"fade\" animation_duration=\"2500ms\" animation_delay=\"200ms\" global_colors_info=\"{}\"][\/et_pb_image][\/et_pb_column][\/et_pb_row][\/et_pb_section]<\/p>\n","protected":false},"excerpt":{"rendered":"<p>Juliane Schack KontaktierenLebensl\u00e4nglich MalerinMich KontaktierenJuliane Schack Atelierbesuche nach Vereinbarung. &nbsp; 12 Chemin du Pin de Truc, 83350 Ramatuelle - Frankreich : 04 94 79 20 31 : contact@juliane-schack-peintre.com<\/p>\n","protected":false},"author":1,"featured_media":0,"parent":0,"menu_order":15,"comment_status":"closed","ping_status":"closed","template":"","meta":{"_et_pb_use_builder":"on","_et_pb_old_content":"[et_pb_section fb_built=\"1\" admin_label=\"Section\" _builder_version=\"4.16\" _module_preset=\"default\" background_color=\"rgba(133,129,104,0.6)\" global_colors_info=\"{}\"][et_pb_row column_structure=\"1_2,1_2\" make_equal=\"on\" _builder_version=\"4.16\" _module_preset=\"default\" global_colors_info=\"{}\"][et_pb_column type=\"1_2\" _builder_version=\"4.16\" _module_preset=\"default\" global_colors_info=\"{}\"][et_pb_text admin_label=\"Contactez Juliane Schack\" _builder_version=\"4.16\" _module_preset=\"default\" header_font=\"||||||||\" header_2_font=\"||||||||\" locked=\"off\" global_colors_info=\"{}\"]<h1>Contactez Juliane Schack<\/h1>[\/et_pb_text][et_pb_text _builder_version=\"4.16.0\" _module_preset=\"default\" text_orientation=\"justified\" hover_enabled=\"0\" global_colors_info=\"{}\" sticky_enabled=\"0\"]<h2>Peintre \u00e0 vie<\/h2>[\/et_pb_text][\/et_pb_column][et_pb_column type=\"1_2\" _builder_version=\"4.16\" _module_preset=\"default\" global_colors_info=\"{}\"][et_pb_image src=\"https:\/\/juliane-schack-peintre.com\/wp-content\/uploads\/Juliane-dans-son-atelier-le-17-octobre-2019.jpg\" alt=\"Juliane dans son atelier le 17 octobre 2019\" _builder_version=\"4.16.0\" _module_preset=\"default\" animation_style=\"flip\" box_shadow_style=\"preset3\" global_colors_info=\"{}\"][\/et_pb_image][\/et_pb_column][\/et_pb_row][\/et_pb_section][et_pb_section fb_built=\"1\" _builder_version=\"4.16\" _module_preset=\"default\" background_image=\"https:\/\/juliane-schack-peintre.com\/wp-content\/uploads\/Nuances-douces-40x40-2004-bg.jpg\" custom_padding=\"250px||250px||false|false\" global_colors_info=\"{}\"][et_pb_row column_structure=\"3_5,2_5\" use_custom_gutter=\"on\" make_equal=\"on\" _builder_version=\"4.16\" _module_preset=\"default\" background_enable_color=\"off\" max_width=\"1680px\" global_colors_info=\"{}\"][et_pb_column type=\"3_5\" _builder_version=\"4.16\" _module_preset=\"default\" background_color=\"rgba(0,0,0,0.5)\" custom_padding=\"10px|10px|10px|10px|true|true\" global_colors_info=\"{}\"][et_pb_text _builder_version=\"4.16\" _module_preset=\"default\" header_3_text_align=\"center\" header_3_text_color=\"#FFFFFF\" header_3_font_size=\"26px\" custom_padding=\"20px||||false|false\" global_colors_info=\"{}\"]<h3>Contactez-moi<\/h3>[\/et_pb_text][et_pb_contact_form use_spam_service=\"on\" recaptcha_list=\"juliane|juliane-0\" email=\"contact@juliane-schack-peintre.com\" custom_message=\"Nom : %%Name%%||et_pb_line_break_holder||Pr\u00e9nom : %%Prenom%%||et_pb_line_break_holder||Email : %%Email%%||et_pb_line_break_holder||T\u00e9l\u00e9phone : %%Tel%%||et_pb_line_break_holder||||et_pb_line_break_holder||Message :||et_pb_line_break_holder||%%Message%%\" success_message=\"Merci pour votre message, je reviendrai rapidement vers vous.\" submit_button_text=\"envoyer\" _builder_version=\"4.16.0\" _module_preset=\"default\" _unique_id=\"17741efe-35a7-4f3c-b41f-a5080e6c5a8f\" form_field_background_color=\"rgba(133,129,104,0.75)\" form_field_text_color=\"#FFFFFF\" form_field_focus_background_color=\"rgba(204,135,0,0.9)\" form_field_focus_text_color=\"#000000\" title_font=\"||||||||\" form_field_font_size=\"15px\" custom_button=\"on\" button_text_color=\"#FFFFFF\" button_border_width=\"1px\" button_border_color=\"#C37301\" button_border_radius=\"0px\" button_font=\"|600||||on|||\" button_icon=\"$||divi||400\" button_icon_color=\"#FFFFFF\" button_text_shadow_style=\"preset2\" button_text_shadow_horizontal_length=\"0.03em\" button_text_shadow_vertical_length=\"0.03em\" button_text_shadow_blur_strength=\"0.03em\" global_colors_info=\"{}\" button_bg_color__hover_enabled=\"on|hover\" button_bg_color__hover=\"#C37301\" button_bg_enable_color__hover=\"on\" button_text_size__hover_enabled=\"off|desktop\" button_text_color__hover_enabled=\"off|desktop\" button_text_color__hover=\"#FFFFFF\" button_text_shadow_horizontal_length__hover_enabled=\"on|hover\" button_text_shadow_horizontal_length__hover=\"0em\" button_text_shadow_vertical_length__hover_enabled=\"on|hover\" button_text_shadow_vertical_length__hover=\"0em\" button_text_shadow_blur_strength__hover_enabled=\"on|hover\" button_text_shadow_blur_strength__hover=\"0em\" button_text_shadow_color__hover_enabled=\"on|desktop\"][et_pb_contact_field field_id=\"Name\" field_title=\"Nom *\" _builder_version=\"4.16\" global_colors_info=\"{}\" button_text_size__hover_enabled=\"off\" button_one_text_size__hover_enabled=\"off\" button_two_text_size__hover_enabled=\"off\" button_text_color__hover_enabled=\"off\" button_one_text_color__hover_enabled=\"off\" button_two_text_color__hover_enabled=\"off\" button_border_width__hover_enabled=\"off\" button_one_border_width__hover_enabled=\"off\" button_two_border_width__hover_enabled=\"off\" button_border_color__hover_enabled=\"off\" button_one_border_color__hover_enabled=\"off\" button_two_border_color__hover_enabled=\"off\" button_border_radius__hover_enabled=\"off\" button_one_border_radius__hover_enabled=\"off\" button_two_border_radius__hover_enabled=\"off\" button_letter_spacing__hover_enabled=\"off\" button_one_letter_spacing__hover_enabled=\"off\" button_two_letter_spacing__hover_enabled=\"off\" button_bg_color__hover_enabled=\"off\" button_one_bg_color__hover_enabled=\"off\" button_two_bg_color__hover_enabled=\"off\"][\/et_pb_contact_field][et_pb_contact_field field_id=\"Prenom\" field_title=\"Pr\u00e9nom *\" _builder_version=\"4.16\" global_colors_info=\"{}\" button_text_size__hover_enabled=\"off\" button_one_text_size__hover_enabled=\"off\" button_two_text_size__hover_enabled=\"off\" button_text_color__hover_enabled=\"off\" button_one_text_color__hover_enabled=\"off\" button_two_text_color__hover_enabled=\"off\" button_border_width__hover_enabled=\"off\" button_one_border_width__hover_enabled=\"off\" button_two_border_width__hover_enabled=\"off\" button_border_color__hover_enabled=\"off\" button_one_border_color__hover_enabled=\"off\" button_two_border_color__hover_enabled=\"off\" button_border_radius__hover_enabled=\"off\" button_one_border_radius__hover_enabled=\"off\" button_two_border_radius__hover_enabled=\"off\" button_letter_spacing__hover_enabled=\"off\" button_one_letter_spacing__hover_enabled=\"off\" button_two_letter_spacing__hover_enabled=\"off\" button_bg_color__hover_enabled=\"off\" button_one_bg_color__hover_enabled=\"off\" button_two_bg_color__hover_enabled=\"off\"][\/et_pb_contact_field][et_pb_contact_field field_id=\"Email\" field_title=\"Adresse e-mail *\" field_type=\"email\" _builder_version=\"4.16\" global_colors_info=\"{}\" button_text_size__hover_enabled=\"off\" button_one_text_size__hover_enabled=\"off\" button_two_text_size__hover_enabled=\"off\" button_text_color__hover_enabled=\"off\" button_one_text_color__hover_enabled=\"off\" button_two_text_color__hover_enabled=\"off\" button_border_width__hover_enabled=\"off\" button_one_border_width__hover_enabled=\"off\" button_two_border_width__hover_enabled=\"off\" button_border_color__hover_enabled=\"off\" button_one_border_color__hover_enabled=\"off\" button_two_border_color__hover_enabled=\"off\" button_border_radius__hover_enabled=\"off\" button_one_border_radius__hover_enabled=\"off\" button_two_border_radius__hover_enabled=\"off\" button_letter_spacing__hover_enabled=\"off\" button_one_letter_spacing__hover_enabled=\"off\" button_two_letter_spacing__hover_enabled=\"off\" button_bg_color__hover_enabled=\"off\" button_one_bg_color__hover_enabled=\"off\" button_two_bg_color__hover_enabled=\"off\"][\/et_pb_contact_field][et_pb_contact_field field_id=\"Tel\" field_title=\"T\u00e9l\u00e9phone *\" allowed_symbols=\"numbers\" _builder_version=\"4.16\" _module_preset=\"default\" global_colors_info=\"{}\"][\/et_pb_contact_field][et_pb_contact_field field_id=\"Message\" field_title=\"Message *\" field_type=\"text\" fullwidth_field=\"on\" _builder_version=\"4.16\" global_colors_info=\"{}\" button_text_size__hover_enabled=\"off\" button_one_text_size__hover_enabled=\"off\" button_two_text_size__hover_enabled=\"off\" button_text_color__hover_enabled=\"off\" button_one_text_color__hover_enabled=\"off\" button_two_text_color__hover_enabled=\"off\" button_border_width__hover_enabled=\"off\" button_one_border_width__hover_enabled=\"off\" button_two_border_width__hover_enabled=\"off\" button_border_color__hover_enabled=\"off\" button_one_border_color__hover_enabled=\"off\" button_two_border_color__hover_enabled=\"off\" button_border_radius__hover_enabled=\"off\" button_one_border_radius__hover_enabled=\"off\" button_two_border_radius__hover_enabled=\"off\" button_letter_spacing__hover_enabled=\"off\" button_one_letter_spacing__hover_enabled=\"off\" button_two_letter_spacing__hover_enabled=\"off\" button_bg_color__hover_enabled=\"off\" button_one_bg_color__hover_enabled=\"off\" button_two_bg_color__hover_enabled=\"off\"][\/et_pb_contact_field][et_pb_contact_field field_id=\"RGPD\" field_title=\"RGPD\" field_type=\"checkbox\" checkbox_options=\"%91{%22value%22:%22J'ai lu et j'accepte la %22,%22checked%22:0,%22dragID%22:-1,%22link_url%22:%22\/politique-de-confidentialite\/%22,%22link_text%22:%22politique de confidentialit\u00e9.%22}%93\" fullwidth_field=\"on\" _builder_version=\"4.16.0\" _module_preset=\"default\" global_colors_info=\"{}\"][\/et_pb_contact_field][\/et_pb_contact_form][\/et_pb_column][et_pb_column type=\"2_5\" _builder_version=\"4.16\" _module_preset=\"default\" background_color=\"rgba(0,0,0,0.5)\" custom_padding=\"30px|30px|30px|30px|true|true\" global_colors_info=\"{}\"][et_pb_text _builder_version=\"4.16.0\" _module_preset=\"default\" text_text_color=\"#FFFFFF\" text_font_size=\"16px\" header_3_text_color=\"#FFFFFF\" header_3_font_size=\"26px\" header_4_text_color=\"#FFFFFF\" background_enable_color=\"off\" global_colors_info=\"{}\"]<h3>Juliane Schack<\/h3>\r\n<p>Visites de l\u2019atelier sur rendez-vous.<\/p>\r\n<p>\u00a0<\/p>\r\n<p><i class=\"fa fa-map-marker\"><\/i> 12 Chemin du Pin de Truc, 83350 Ramatuelle<\/p>\r\n<p><i class=\"fa fa-phone\"><\/i> : <a href=\"tel:+33494792031\">04 94 79 20 31<\/a><br \/><i class=\"fa fa-envelope\"><\/i> : contact@juliane-schack-peintre.com<\/p>[\/et_pb_text][et_pb_image src=\"https:\/\/juliane-schack-peintre.com\/wp-content\/uploads\/juliane-schack-expo.jpg\" title_text=\"juliane-schack-expo\" _builder_version=\"4.16.0\" _module_preset=\"default\" animation_style=\"fade\" animation_duration=\"2500ms\" animation_delay=\"200ms\" global_colors_info=\"{}\"][\/et_pb_image][\/et_pb_column][\/et_pb_row][\/et_pb_section]","_et_gb_content_width":"","footnotes":""},"class_list":["post-1637","page","type-page","status-publish","hentry"],"_links":{"self":[{"href":"https:\/\/juliane-schack-peintre.com\/de\/wp-json\/wp\/v2\/pages\/1637","targetHints":{"allow":["GET"]}}],"collection":[{"href":"https:\/\/juliane-schack-peintre.com\/de\/wp-json\/wp\/v2\/pages"}],"about":[{"href":"https:\/\/juliane-schack-peintre.com\/de\/wp-json\/wp\/v2\/types\/page"}],"author":[{"embeddable":true,"href":"https:\/\/juliane-schack-peintre.com\/de\/wp-json\/wp\/v2\/users\/1"}],"replies":[{"embeddable":true,"href":"https:\/\/juliane-schack-peintre.com\/de\/wp-json\/wp\/v2\/comments?post=1637"}],"version-history":[{"count":14,"href":"https:\/\/juliane-schack-peintre.com\/de\/wp-json\/wp\/v2\/pages\/1637\/revisions"}],"predecessor-version":[{"id":1976,"href":"https:\/\/juliane-schack-peintre.com\/de\/wp-json\/wp\/v2\/pages\/1637\/revisions\/1976"}],"wp:attachment":[{"href":"https:\/\/juliane-schack-peintre.com\/de\/wp-json\/wp\/v2\/media?parent=1637"}],"curies":[{"name":"wp","href":"https:\/\/api.w.org\/{rel}","templated":true}]}}